{"id":2745,"date":"2024-06-24T11:49:11","date_gmt":"2024-06-24T09:49:11","guid":{"rendered":"https:\/\/wijnkasteel-vandeurzen.shop\/?post_type=product&#038;p=2745"},"modified":"2026-04-17T08:03:20","modified_gmt":"2026-04-17T06:03:20","slug":"gruner-veltliner-prestige-2021","status":"publish","type":"product","link":"https:\/\/wijnkasteel-vandeurzen.shop\/fr\/product\/gruner-veltliner-prestige-2021\/","title":{"rendered":"Gr\u00fcner Veltliner Prestige 2021"},"content":{"rendered":"<div class=\"layoutArea\">\n<div class=\"column\">\n<div class=\"page\" title=\"Page 2\">\n<div class=\"section\">\n<div class=\"layoutArea\">\n<div class=\"column\">\n<h4 class=\"p1\">COULEUR<\/h4>\n<p class=\"p2\">Jaune dor\u00e9 intense brillant avec de l\u00e9g\u00e8res notes vertes, mais encore une fois extr\u00eamement cristallin et brillant avec d'\u00e9paisses larmes le long de la paroi du verre.<\/p>\n<h4><strong>AROMA<\/strong><\/h4>\n<p class=\"p1\">Het is een\u00a0 fruitige en verfrissende wijn met getoaste vanilletoetsen met aroma&#8217;s van rijpe appel, citrusfruit en een vleugje witte peper.<\/p>\n<h4><strong>PALETTE DE CUISSON<\/strong><\/h4>\n<p>Het is een wijn met lichte tinteling en sappige hints van grapefruit met prima zuren, heeft een elegante en plezante afdronk.<\/p>\n<h4><strong>JUMELAGE D'ALIMENTS<\/strong><\/h4>\n<ul>\n<li>Aziatische keuken<\/li>\n<li>Gegrilde vis<\/li>\n<li>Pasta met vis<\/li>\n<li>Schaal- en schelpdieren<\/li>\n<li>Vis in saus<\/li>\n<\/ul>\n<h4 class=\"p1\">SAVE<\/h4>\n<p class=\"p2\">Optimaal drinken tussen 2021-2026<\/p>\n<p>&nbsp;<\/p>\n<p><a href=\"https:\/\/wijnkasteel-vandeurzen.shop\/wp-content\/uploads\/2024\/10\/TF-Gruner-Veltliner-Prestige-2021-1.pdf\" target=\"_blank\" rel=\"noopener noreferrer\">&gt; T\u00e9l\u00e9charger la fiche technique<\/a><\/p>\n<\/div>\n<\/div>\n<\/div>\n<\/div>\n<div id=\"accel-snackbar\"><\/div>\n<\/div>\n<\/div>\n<div id=\"accel-snackbar\"><\/div>","protected":false},"excerpt":{"rendered":"<p>&nbsp;<\/p>\n<div id=\"accel-snackbar\"><\/div>","protected":false},"author":5,"featured_media":2746,"template":"","meta":{"_acf_changed":false,"rank_math_lock_modified_date":false},"product_cat":[16],"product_tag":[],"giftcard-category":[],"class_list":{"0":"post-2745","1":"product","2":"type-product","3":"status-publish","4":"has-post-thumbnail","6":"product_cat-fles-wijn","8":"first","9":"instock","10":"taxable","11":"shipping-taxable","12":"purchasable","13":"product-type-simple"},"bundle_layout":"","bundle_add_to_cart_form_location":"","bundle_editable_in_cart":false,"bundle_sold_individually_context":"","bundle_item_grouping":"","bundle_min_size":"","bundle_max_size":"","bundled_by":["1780","2840","2887","2153"],"bundled_items":[],"acf":[],"_links":{"self":[{"href":"https:\/\/wijnkasteel-vandeurzen.shop\/fr\/wp-json\/wp\/v2\/product\/2745"}],"collection":[{"href":"https:\/\/wijnkasteel-vandeurzen.shop\/fr\/wp-json\/wp\/v2\/product"}],"about":[{"href":"https:\/\/wijnkasteel-vandeurzen.shop\/fr\/wp-json\/wp\/v2\/types\/product"}],"author":[{"embeddable":true,"href":"https:\/\/wijnkasteel-vandeurzen.shop\/fr\/wp-json\/wp\/v2\/users\/5"}],"wp:featuredmedia":[{"embeddable":true,"href":"https:\/\/wijnkasteel-vandeurzen.shop\/fr\/wp-json\/wp\/v2\/media\/2746"}],"wp:attachment":[{"href":"https:\/\/wijnkasteel-vandeurzen.shop\/fr\/wp-json\/wp\/v2\/media?parent=2745"}],"wp:term":[{"taxonomy":"product_cat","embeddable":true,"href":"https:\/\/wijnkasteel-vandeurzen.shop\/fr\/wp-json\/wp\/v2\/product_cat?post=2745"},{"taxonomy":"product_tag","embeddable":true,"href":"https:\/\/wijnkasteel-vandeurzen.shop\/fr\/wp-json\/wp\/v2\/product_tag?post=2745"},{"taxonomy":"giftcard-category","embeddable":true,"href":"https:\/\/wijnkasteel-vandeurzen.shop\/fr\/wp-json\/wp\/v2\/giftcard-category?post=2745"}],"curies":[{"name":"wp","href":"https:\/\/api.w.org\/{rel}","templated":true}]}}