{"id":1214,"date":"2022-01-07T12:19:32","date_gmt":"2022-01-07T11:19:32","guid":{"rendered":"https:\/\/wijnkasteel-vandeurzen.shop\/?post_type=product&#038;p=1214"},"modified":"2026-03-26T12:06:17","modified_gmt":"2026-03-26T11:06:17","slug":"pure-red-tempranillo-prestige-2019","status":"publish","type":"product","link":"https:\/\/wijnkasteel-vandeurzen.shop\/fr\/product\/pure-red-tempranillo-prestige-2019\/","title":{"rendered":"Tempranillo Prestige 2019"},"content":{"rendered":"<div class=\"page\" title=\"Page 1\">\n<div class=\"section\">\n<div class=\"layoutArea\">\n<div class=\"column\">\n<h4 class=\"p1\">COULEUR<\/h4>\n<p class=\"p2\">Ce reserva commence par une couleur violette tr\u00e8s jeune, vraiment tr\u00e8s profonde, sans trace d'\u00e9volution.<\/p>\n<h4 class=\"p1\">AROMA<\/h4>\n<p class=\"p2\">Un bouquet tr\u00e8s riche avec des ar\u00f4mes de c\u00e8dre finement fum\u00e9 provenant des 18 mois de stockage dans le bois. Autres impressions de r\u00e9glisse, chocolat noir, cerises noires, framboises et vinaigre balsamique.<br \/>\nLes 18 mois d'\u00e9levage sous bois cr\u00e9ent un nez accueillant de grains de caf\u00e9 et de cacao.<\/p>\n<h4 class=\"p1\">PALETTE DE CUISSON<\/h4>\n<p class=\"p2\">Toujours \" punitif \" et domin\u00e9 par le bois avec des impressions de noix de p\u00e9can, de cacao, de r\u00e9glisse et d'expresso.<br \/>\nMoyennement cors\u00e9 et jeune dans sa structure, avec un noyau de fruits rouges m\u00fbrs et juteux qui a clairement encore beaucoup de potentiel de d\u00e9veloppement.<br \/>\nLongue finale de cuir subtil et de tabac.<\/p>\n<h4><strong>JUMELAGE D'ALIMENTS<\/strong><\/h4>\n<ul>\n<li>Gigot d'agneau<\/li>\n<li>C\u00f4tes de porc marin\u00e9es<\/li>\n<li>Filet de cerf<\/li>\n<li>Steak de thon<\/li>\n<li>Colombe cuite au four<\/li>\n<li>Lapin de garenne<\/li>\n<li>Plats de viande \u00e9pic\u00e9s chinois\/tha\u00eflandais\/indien<\/li>\n<\/ul>\n<h4 class=\"p1\">SAVE<\/h4>\n<p class=\"p2\">Consommation optimale entre 2022 et 2026<\/p>\n<p>&nbsp;<\/p>\n<p><a href=\"https:\/\/wijnkasteel-vandeurzen.shop\/wp-content\/uploads\/2024\/01\/TF-PURE-RED-TEMPRANILLO-PRESTIGE-2019_UPDATE2024.pdf\" target=\"_blank\" rel=\"noopener noreferrer\">&gt; T\u00e9l\u00e9charger la fiche technique<\/a><\/p>\n<\/div>\n<\/div>\n<\/div>\n<\/div>\n<div id=\"accel-snackbar\" style=\"left: 50%;top: 50px\"><\/div>","protected":false},"excerpt":{"rendered":"<p>&nbsp;<\/p>\n<div id=\"accel-snackbar\" style=\"left: 50%;top: 50px\"><\/div>","protected":false},"author":5,"featured_media":1135,"template":"","meta":{"_acf_changed":false,"rank_math_lock_modified_date":false},"product_cat":[16],"product_tag":[],"giftcard-category":[],"class_list":{"0":"post-1214","1":"product","2":"type-product","3":"status-publish","4":"has-post-thumbnail","6":"product_cat-fles-wijn","8":"first","9":"instock","10":"taxable","11":"shipping-taxable","12":"purchasable","13":"product-type-simple"},"bundle_layout":"","bundle_add_to_cart_form_location":"","bundle_editable_in_cart":false,"bundle_sold_individually_context":"","bundle_item_grouping":"","bundle_min_size":"","bundle_max_size":"","bundled_by":["1283","1305","1775","1259","3016","3602"],"bundled_items":[],"acf":[],"_links":{"self":[{"href":"https:\/\/wijnkasteel-vandeurzen.shop\/fr\/wp-json\/wp\/v2\/product\/1214"}],"collection":[{"href":"https:\/\/wijnkasteel-vandeurzen.shop\/fr\/wp-json\/wp\/v2\/product"}],"about":[{"href":"https:\/\/wijnkasteel-vandeurzen.shop\/fr\/wp-json\/wp\/v2\/types\/product"}],"author":[{"embeddable":true,"href":"https:\/\/wijnkasteel-vandeurzen.shop\/fr\/wp-json\/wp\/v2\/users\/5"}],"wp:featuredmedia":[{"embeddable":true,"href":"https:\/\/wijnkasteel-vandeurzen.shop\/fr\/wp-json\/wp\/v2\/media\/1135"}],"wp:attachment":[{"href":"https:\/\/wijnkasteel-vandeurzen.shop\/fr\/wp-json\/wp\/v2\/media?parent=1214"}],"wp:term":[{"taxonomy":"product_cat","embeddable":true,"href":"https:\/\/wijnkasteel-vandeurzen.shop\/fr\/wp-json\/wp\/v2\/product_cat?post=1214"},{"taxonomy":"product_tag","embeddable":true,"href":"https:\/\/wijnkasteel-vandeurzen.shop\/fr\/wp-json\/wp\/v2\/product_tag?post=1214"},{"taxonomy":"giftcard-category","embeddable":true,"href":"https:\/\/wijnkasteel-vandeurzen.shop\/fr\/wp-json\/wp\/v2\/giftcard-category?post=1214"}],"curies":[{"name":"wp","href":"https:\/\/api.w.org\/{rel}","templated":true}]}}